{"id":130,"date":"2023-05-16T08:54:21","date_gmt":"2023-05-16T08:54:21","guid":{"rendered":"https:\/\/demo.oceanthemes.site\/makaffo\/?page_id=130"},"modified":"2025-05-27T14:58:24","modified_gmt":"2025-05-27T11:58:24","slug":"iletisim","status":"publish","type":"page","link":"https:\/\/hangarlastik.com\/index.php\/iletisim\/","title":{"rendered":"\u0130LET\u0130\u015e\u0130M"},"content":{"rendered":"\t\t<div data-elementor-type=\"wp-page\" data-elementor-id=\"130\" class=\"elementor elementor-130\" data-elementor-post-type=\"page\">\n\t\t\t\t<div class=\"elementor-element elementor-element-8e78fab e-flex e-con-boxed e-con e-parent\" data-id=\"8e78fab\" data-element_type=\"container\">\n\t\t\t\t\t<div class=\"e-con-inner\">\n\t\t<div class=\"elementor-element elementor-element-2caf3e4 e-con-full e-flex e-con e-child\" data-id=\"2caf3e4\" data-element_type=\"container\">\n\t\t\t\t<div class=\"elementor-element elementor-element-5d0e60e elementor-widget elementor-widget-ot-heading\" data-id=\"5d0e60e\" data-element_type=\"widget\" data-widget_type=\"ot-heading.default\">\n\t\t\t\t<div class=\"elementor-widget-container\">\n\t\t\t\t\t\t\t<div class=\"ot-heading\">\r\n\t        <span class=\"ot-heading__sub\">Bize Ula\u015f\u0131n<\/span>\t        <h2 class=\"ot-heading__title\">Yolda Kalman\u0131za Gerek Yok \u2013 Hangar Yan\u0131n\u0131zda!<\/h2>\t    <\/div>\r\n\t    \t\t\t\t<\/div>\n\t\t\t\t<\/div>\n\t\t\t\t<div class=\"elementor-element elementor-element-d0518d8 elementor-widget elementor-widget-text-editor\" data-id=\"d0518d8\" data-element_type=\"widget\" data-widget_type=\"text-editor.default\">\n\t\t\t\t<div class=\"elementor-widget-container\">\n\t\t\t\t\t\t\t\t\t<p>Hizmetlerimiz hakk\u0131nda bilgi almak, randevu olu\u015fturmak ya da do\u011frudan destek almak i\u00e7in bizimle ileti\u015fime ge\u00e7in. Mobil ekibimiz en k\u0131sa s\u00fcrede size ula\u015fs\u0131n.<\/p>\t\t\t\t\t\t\t\t<\/div>\n\t\t\t\t<\/div>\n\t\t\t\t<div class=\"elementor-element elementor-element-d4b8f41 elementor-icon-list--layout-traditional elementor-list-item-link-full_width elementor-widget elementor-widget-icon-list\" data-id=\"d4b8f41\" data-element_type=\"widget\" data-widget_type=\"icon-list.default\">\n\t\t\t\t<div class=\"elementor-widget-container\">\n\t\t\t\t\t\t\t<ul class=\"elementor-icon-list-items\">\n\t\t\t\t\t\t\t<li class=\"elementor-icon-list-item\">\n\t\t\t\t\t\t\t\t\t\t\t<span class=\"elementor-icon-list-icon\">\n\t\t\t\t\t\t\t<svg xmlns=\"http:\/\/www.w3.org\/2000\/svg\" viewBox=\"0 0 24 24\"><path d=\"m12 0c-4.962 0-9 4.066-9 9.065 0 7.103 8.154 14.437 8.501 14.745.143.127.321.19.499.19s.356-.063.499-.189c.347-.309 8.501-7.643 8.501-14.746 0-4.999-4.038-9.065-9-9.065zm0 14c-2.757 0-5-2.243-5-5s2.243-5 5-5 5 2.243 5 5-2.243 5-5 5z\"><\/path><\/svg>\t\t\t\t\t\t<\/span>\n\t\t\t\t\t\t\t\t\t\t<span class=\"elementor-icon-list-text\">Z\u00fcbeyde Han\u0131m Mah. Turgut \u00d6zal Bulvar\u0131, Se\u00e7im Sk. No: 2, 06070 Alt\u0131nda\u011f \/ Ankara<\/span>\n\t\t\t\t\t\t\t\t\t<\/li>\n\t\t\t\t\t\t<\/ul>\n\t\t\t\t\t\t<\/div>\n\t\t\t\t<\/div>\n\t\t\t\t<div class=\"elementor-element elementor-element-839695e elementor-icon-list--layout-traditional elementor-list-item-link-full_width elementor-widget elementor-widget-icon-list\" data-id=\"839695e\" data-element_type=\"widget\" data-widget_type=\"icon-list.default\">\n\t\t\t\t<div class=\"elementor-widget-container\">\n\t\t\t\t\t\t\t<ul class=\"elementor-icon-list-items\">\n\t\t\t\t\t\t\t<li class=\"elementor-icon-list-item\">\n\t\t\t\t\t\t\t\t\t\t\t<a href=\"tel:444%207%20920\">\n\n\t\t\t\t\t\t\t\t\t\t\t\t<span class=\"elementor-icon-list-icon\">\n\t\t\t\t\t\t\t<svg xmlns=\"http:\/\/www.w3.org\/2000\/svg\" xmlns:xlink=\"http:\/\/www.w3.org\/1999\/xlink\" x=\"0px\" y=\"0px\" viewBox=\"0 0 384 384\" style=\"enable-background:new 0 0 384 384;\" xml:space=\"preserve\"><g>\t<g>\t\t<path d=\"M353.188,252.052c-23.51,0-46.594-3.677-68.469-10.906c-10.719-3.656-23.896-0.302-30.438,6.417l-43.177,32.594   c-50.073-26.729-80.917-57.563-107.281-107.26l31.635-42.052c8.219-8.208,11.167-20.198,7.635-31.448   c-7.26-21.99-10.948-45.063-10.948-68.583C132.146,13.823,118.323,0,101.333,0H30.813C13.823,0,0,13.823,0,30.813   C0,225.563,158.438,384,353.188,384c16.99,0,30.813-13.823,30.813-30.813v-70.323C384,265.875,370.177,252.052,353.188,252.052z\"><\/path>\t<\/g><\/g><\/svg>\t\t\t\t\t\t<\/span>\n\t\t\t\t\t\t\t\t\t\t<span class=\"elementor-icon-list-text\">444 7 920<\/span>\n\t\t\t\t\t\t\t\t\t\t\t<\/a>\n\t\t\t\t\t\t\t\t\t<\/li>\n\t\t\t\t\t\t<\/ul>\n\t\t\t\t\t\t<\/div>\n\t\t\t\t<\/div>\n\t\t\t\t<div class=\"elementor-element elementor-element-d923337 elementor-widget elementor-widget-text-editor\" data-id=\"d923337\" data-element_type=\"widget\" data-widget_type=\"text-editor.default\">\n\t\t\t\t<div class=\"elementor-widget-container\">\n\t\t\t\t\t\t\t\t\t<p>info@hangarlastik.com<\/p>\t\t\t\t\t\t\t\t<\/div>\n\t\t\t\t<\/div>\n\t\t\t\t<\/div>\n\t\t\t\t\t<\/div>\n\t\t\t\t<\/div>\n\t\t<div class=\"elementor-element elementor-element-9122b73 e-con-full e-flex e-con e-parent\" data-id=\"9122b73\" data-element_type=\"container\">\n\t\t\t\t<div class=\"elementor-element elementor-element-889e751 elementor-widget elementor-widget-google_maps\" data-id=\"889e751\" data-element_type=\"widget\" data-widget_type=\"google_maps.default\">\n\t\t\t\t<div class=\"elementor-widget-container\">\n\t\t\t\t\t\t\t<div class=\"elementor-custom-embed\">\n\t\t\t<iframe loading=\"lazy\"\n\t\t\t\t\tsrc=\"https:\/\/maps.google.com\/maps?q=Z%C3%BCbeyde%20Han%C4%B1m%20Mh%20Turgut%20%C3%96zal%20Bulvar%C4%B1%2C%20Se%C3%A7im%20Sk.%20No%3A2%2C%2006070%20Alt%C4%B1nda%C4%9F&#038;t=m&#038;z=16&#038;output=embed&#038;iwloc=near\"\n\t\t\t\t\ttitle=\"Z\u00fcbeyde Han\u0131m Mh Turgut \u00d6zal Bulvar\u0131, Se\u00e7im Sk. No:2, 06070 Alt\u0131nda\u011f\"\n\t\t\t\t\taria-label=\"Z\u00fcbeyde Han\u0131m Mh Turgut \u00d6zal Bulvar\u0131, Se\u00e7im Sk. No:2, 06070 Alt\u0131nda\u011f\"\n\t\t\t><\/iframe>\n\t\t<\/div>\n\t\t\t\t\t\t<\/div>\n\t\t\t\t<\/div>\n\t\t\t\t<\/div>\n\t\t\t\t<\/div>\n\t\t","protected":false},"excerpt":{"rendered":"<p>Bize Ula\u015f\u0131n Yolda Kalman\u0131za Gerek Yok \u2013 Hangar Yan\u0131n\u0131zda! Hizmetlerimiz hakk\u0131nda bilgi almak, randevu olu\u015fturmak ya da do\u011frudan destek almak i\u00e7in bizimle ileti\u015fime ge\u00e7in. Mobil ekibimiz en k\u0131sa s\u00fcrede size ula\u015fs\u0131n. Z\u00fcbeyde Han\u0131m Mah. Turgut \u00d6zal Bulvar\u0131, Se\u00e7im Sk. No: 2, 06070 Alt\u0131nda\u011f \/ Ankara 444 7 920 info@hangarlastik.com<\/p>\n","protected":false},"author":1,"featured_media":0,"parent":0,"menu_order":0,"comment_status":"closed","ping_status":"closed","template":"","meta":{"footnotes":""},"class_list":["post-130","page","type-page","status-publish","hentry"],"_links":{"self":[{"href":"https:\/\/hangarlastik.com\/index.php\/wp-json\/wp\/v2\/pages\/130","targetHints":{"allow":["GET"]}}],"collection":[{"href":"https:\/\/hangarlastik.com\/index.php\/wp-json\/wp\/v2\/pages"}],"about":[{"href":"https:\/\/hangarlastik.com\/index.php\/wp-json\/wp\/v2\/types\/page"}],"author":[{"embeddable":true,"href":"https:\/\/hangarlastik.com\/index.php\/wp-json\/wp\/v2\/users\/1"}],"replies":[{"embeddable":true,"href":"https:\/\/hangarlastik.com\/index.php\/wp-json\/wp\/v2\/comments?post=130"}],"version-history":[{"count":4,"href":"https:\/\/hangarlastik.com\/index.php\/wp-json\/wp\/v2\/pages\/130\/revisions"}],"predecessor-version":[{"id":1732,"href":"https:\/\/hangarlastik.com\/index.php\/wp-json\/wp\/v2\/pages\/130\/revisions\/1732"}],"wp:attachment":[{"href":"https:\/\/hangarlastik.com\/index.php\/wp-json\/wp\/v2\/media?parent=130"}],"curies":[{"name":"wp","href":"https:\/\/api.w.org\/{rel}","templated":true}]}}