{"id":290,"date":"2023-05-22T04:30:11","date_gmt":"2023-05-22T04:30:11","guid":{"rendered":"https:\/\/demo.oceanthemes.site\/makaffo\/?page_id=290"},"modified":"2025-05-27T14:06:00","modified_gmt":"2025-05-27T11:06:00","slug":"hakkimizda","status":"publish","type":"page","link":"https:\/\/hangarlastik.com\/index.php\/hakkimizda\/","title":{"rendered":"HAKKIMIZDA"},"content":{"rendered":"\t\t<div data-elementor-type=\"wp-page\" data-elementor-id=\"290\" class=\"elementor elementor-290\" data-elementor-post-type=\"page\">\n\t\t\t\t<div class=\"elementor-element elementor-element-9404597 e-flex e-con-boxed e-con e-parent\" data-id=\"9404597\" data-element_type=\"container\">\n\t\t\t\t\t<div class=\"e-con-inner\">\n\t\t<div class=\"elementor-element elementor-element-ebf6db8 e-con-full e-flex e-con e-child\" data-id=\"ebf6db8\" data-element_type=\"container\">\n\t\t\t\t<div class=\"elementor-element elementor-element-957c5bc elementor-widget elementor-widget-ot-heading\" data-id=\"957c5bc\" data-element_type=\"widget\" data-widget_type=\"ot-heading.default\">\n\t\t\t\t<div class=\"elementor-widget-container\">\n\t\t\t\t\t\t\t<div class=\"ot-heading\">\r\n\t        <span class=\"ot-heading__sub\">Her Yolda Yan\u0131nda<\/span>\t        <h2 class=\"ot-heading__title\">G\u00fcvenli S\u00fcr\u00fc\u015f \u0130\u00e7in Yan\u0131n\u0131zday\u0131z<\/h2>\t    <\/div>\r\n\t    \t\t\t\t<\/div>\n\t\t\t\t<\/div>\n\t\t\t\t<div class=\"elementor-element elementor-element-3876496 elementor-widget elementor-widget-text-editor\" data-id=\"3876496\" data-element_type=\"widget\" data-widget_type=\"text-editor.default\">\n\t\t\t\t<div class=\"elementor-widget-container\">\n\t\t\t\t\t\t\t\t\t<p data-start=\"261\" data-end=\"546\">Hangar Lastik olarak, lastik de\u011fi\u015fimi, onar\u0131m\u0131 ve saklama \u00e7\u00f6z\u00fcmleri konusunda m\u00fc\u015fterilerimize h\u0131zl\u0131, g\u00fcvenilir ve profesyonel hizmet sunmak i\u00e7in yola \u00e7\u0131kt\u0131k. Hem bireysel hem de kurumsal m\u00fc\u015fterilerimize \u00f6zel \u00e7\u00f6z\u00fcmlerle, lastik hizmetlerini kolay ula\u015f\u0131l\u0131r ve zahmetsiz hale getiriyoruz.<\/p><hr data-start=\"548\" data-end=\"551\" \/><h6 data-start=\"553\" data-end=\"585\">Modern Altyap\u0131, Mobil Servis<\/h6><p data-start=\"587\" data-end=\"856\">Servis merkezimiz, modern ekipmanlarla donat\u0131lm\u0131\u015f olup mobil ara\u00e7lar\u0131m\u0131z sayesinde diledi\u011finiz noktada hizmet alman\u0131z\u0131 sa\u011fl\u0131yoruz. Lastik oteli hizmetimizle mevsimlik lastiklerinizi g\u00fcvenli ve ideal ko\u015fullarda sakl\u0131yor, ihtiyac\u0131n\u0131z oldu\u011funda h\u0131zl\u0131ca de\u011fi\u015fim sa\u011fl\u0131yoruz.<\/p><hr data-start=\"858\" data-end=\"861\" \/><h6 data-start=\"863\" data-end=\"904\">Sizi Yolda B\u0131rakmayan Hizmet Anlay\u0131\u015f\u0131<\/h6><p data-start=\"906\" data-end=\"1124\">Amac\u0131m\u0131z; ara\u00e7lar\u0131n\u0131z\u0131n her mevsimde g\u00fcvenle yolda kalmas\u0131n\u0131 sa\u011flamak. Uzman teknisyen kadromuz ve yerinde m\u00fcdahale kabiliyetimizle, zamandan tasarruf etmenize ve konforlu bir s\u00fcr\u00fc\u015f deneyimi ya\u015faman\u0131za katk\u0131 sunuyoruz.<\/p>\t\t\t\t\t\t\t\t<\/div>\n\t\t\t\t<\/div>\n\t\t\t\t<div class=\"elementor-element elementor-element-7c7cbc3 ot-view-stacked elementor-widget elementor-widget-ot-icon-list\" data-id=\"7c7cbc3\" data-element_type=\"widget\" data-widget_type=\"ot-icon-list.default\">\n\t\t\t\t<div class=\"elementor-widget-container\">\n\t\t\t\t\t\t        <div class=\"ot-icon-list-wrapper\">\r\n\t        \t<ul class=\"unstyle ot-icon-list-items \">\r\n\t        \t\t\t        \t\t\t<li class=\"ot-icon-list-item \">\r\n\t        \t\t\t\t\r\n\t\t\t\t\t\t\t<span class=\"ot-icon-list-icon\">\r\n\t\t\t\t\t\t\t\t<svg xmlns=\"http:\/\/www.w3.org\/2000\/svg\" viewBox=\"0 0 24 24\"><g data-name=\"74 Check\"><path d=\"m22.25 6.34-12.72 12.73a1 1 0 0 1 -.71.29 1 1 0 0 1 -.71-.29l-6.36-6.36a1 1 0 0 1 0-1.42 1 1 0 0 1 1.41 0l5.66 5.71 12-12a1 1 0 1 1 1.41 1.41z\"><\/path><\/g><\/svg>\t\t\t\t\t\t\t<\/span>\r\n\t\t\t\t\t\t\t\t\t\t\t\t\t\t<span class=\"ot-icon-list-text \">Mobil lastik de\u011fi\u015fimi ile bulundu\u011funuz yerde hizmet<\/span>\r\n\t\t\t\t\t\t\t\t        \t\t\t<\/li>\r\n\t        \t\t\t        \t\t\t<li class=\"ot-icon-list-item \">\r\n\t        \t\t\t\t\r\n\t\t\t\t\t\t\t<span class=\"ot-icon-list-icon\">\r\n\t\t\t\t\t\t\t\t<svg xmlns=\"http:\/\/www.w3.org\/2000\/svg\" viewBox=\"0 0 24 24\"><g data-name=\"74 Check\"><path d=\"m22.25 6.34-12.72 12.73a1 1 0 0 1 -.71.29 1 1 0 0 1 -.71-.29l-6.36-6.36a1 1 0 0 1 0-1.42 1 1 0 0 1 1.41 0l5.66 5.71 12-12a1 1 0 1 1 1.41 1.41z\"><\/path><\/g><\/svg>\t\t\t\t\t\t\t<\/span>\r\n\t\t\t\t\t\t\t\t\t\t\t\t\t\t<span class=\"ot-icon-list-text \">G\u00fcvenli lastik oteli ile depolama kolayl\u0131\u011f\u0131<\/span>\r\n\t\t\t\t\t\t\t\t        \t\t\t<\/li>\r\n\t        \t\t\t        \t\t\t<li class=\"ot-icon-list-item \">\r\n\t        \t\t\t\t\r\n\t\t\t\t\t\t\t<span class=\"ot-icon-list-icon\">\r\n\t\t\t\t\t\t\t\t<svg xmlns=\"http:\/\/www.w3.org\/2000\/svg\" viewBox=\"0 0 24 24\"><g data-name=\"74 Check\"><path d=\"m22.25 6.34-12.72 12.73a1 1 0 0 1 -.71.29 1 1 0 0 1 -.71-.29l-6.36-6.36a1 1 0 0 1 0-1.42 1 1 0 0 1 1.41 0l5.66 5.71 12-12a1 1 0 1 1 1.41 1.41z\"><\/path><\/g><\/svg>\t\t\t\t\t\t\t<\/span>\r\n\t\t\t\t\t\t\t\t\t\t\t\t\t\t<span class=\"ot-icon-list-text \">Balans ayar\u0131, tamir ve de\u011fi\u015fim i\u015flemleri<\/span>\r\n\t\t\t\t\t\t\t\t        \t\t\t<\/li>\r\n\t        \t\t\t        \t\t\t<li class=\"ot-icon-list-item \">\r\n\t        \t\t\t\t\r\n\t\t\t\t\t\t\t<span class=\"ot-icon-list-icon\">\r\n\t\t\t\t\t\t\t\t<svg xmlns=\"http:\/\/www.w3.org\/2000\/svg\" viewBox=\"0 0 24 24\"><g data-name=\"74 Check\"><path d=\"m22.25 6.34-12.72 12.73a1 1 0 0 1 -.71.29 1 1 0 0 1 -.71-.29l-6.36-6.36a1 1 0 0 1 0-1.42 1 1 0 0 1 1.41 0l5.66 5.71 12-12a1 1 0 1 1 1.41 1.41z\"><\/path><\/g><\/svg>\t\t\t\t\t\t\t<\/span>\r\n\t\t\t\t\t\t\t\t\t\t\t\t\t\t<span class=\"ot-icon-list-text \">\u015eeffaf fiyatland\u0131rma ve m\u00fc\u015fteri memnuniyeti odakl\u0131 yakla\u015f\u0131m<\/span>\r\n\t\t\t\t\t\t\t\t        \t\t\t<\/li>\r\n\t        \t\t\t        \t<\/ul>\r\n\t        <\/div>\r\n\t    \t\t\t\t<\/div>\n\t\t\t\t<\/div>\n\t\t\t\t<\/div>\n\t\t<div class=\"elementor-element elementor-element-462fdc7 e-con-full e-flex e-con e-child\" data-id=\"462fdc7\" data-element_type=\"container\">\n\t\t\t\t<div class=\"elementor-element elementor-element-35a860c elementor-widget elementor-widget-image\" data-id=\"35a860c\" data-element_type=\"widget\" data-widget_type=\"image.default\">\n\t\t\t\t<div class=\"elementor-widget-container\">\n\t\t\t\t\t\t\t\t\t\t\t\t\t\t\t<img fetchpriority=\"high\" decoding=\"async\" width=\"2560\" height=\"2560\" src=\"https:\/\/hangarlastik.com\/wp-content\/uploads\/2025\/05\/smiling-mechanic-man-1-scaled.jpg\" class=\"attachment-full size-full wp-image-1707\" alt=\"\" srcset=\"https:\/\/hangarlastik.com\/wp-content\/uploads\/2025\/05\/smiling-mechanic-man-1-scaled.jpg 2560w, https:\/\/hangarlastik.com\/wp-content\/uploads\/2025\/05\/smiling-mechanic-man-1-300x300.jpg 300w, https:\/\/hangarlastik.com\/wp-content\/uploads\/2025\/05\/smiling-mechanic-man-1-1024x1024.jpg 1024w, https:\/\/hangarlastik.com\/wp-content\/uploads\/2025\/05\/smiling-mechanic-man-1-150x150.jpg 150w, https:\/\/hangarlastik.com\/wp-content\/uploads\/2025\/05\/smiling-mechanic-man-1-768x768.jpg 768w, https:\/\/hangarlastik.com\/wp-content\/uploads\/2025\/05\/smiling-mechanic-man-1-1536x1536.jpg 1536w, https:\/\/hangarlastik.com\/wp-content\/uploads\/2025\/05\/smiling-mechanic-man-1-2048x2048.jpg 2048w\" sizes=\"(max-width: 2560px) 100vw, 2560px\" \/>\t\t\t\t\t\t\t\t\t\t\t\t\t\t\t<\/div>\n\t\t\t\t<\/div>\n\t\t\t\t<div class=\"elementor-element elementor-element-b55d9cf elementor-widget elementor-widget-text-editor\" data-id=\"b55d9cf\" data-element_type=\"widget\" data-widget_type=\"text-editor.default\">\n\t\t\t\t<div class=\"elementor-widget-container\">\n\t\t\t\t\t\t\t\t\t<h6 data-start=\"1376\" data-end=\"1392\">Vizyonumuz<\/h6><p data-start=\"1393\" data-end=\"1489\">Lastik hizmetlerinde fark yaratan, yenilik\u00e7i ve h\u0131zl\u0131 \u00e7\u00f6z\u00fcmlerle sekt\u00f6rde lider bir marka olmak.<\/p><h6 data-start=\"1491\" data-end=\"1507\">Misyonumuz<\/h6><p data-start=\"1508\" data-end=\"1641\">Her m\u00fc\u015fterimize zaman\u0131nda, kaliteli ve s\u00fcrd\u00fcr\u00fclebilir hizmet sunmak; onlar\u0131n yol g\u00fcvenli\u011fini ve memnuniyetini daima \u00f6n planda tutmak.<\/p>\t\t\t\t\t\t\t\t<\/div>\n\t\t\t\t<\/div>\n\t\t\t\t<\/div>\n\t\t\t\t\t<\/div>\n\t\t\t\t<\/div>\n\t\t\t\t<\/div>\n\t\t","protected":false},"excerpt":{"rendered":"<p>Her Yolda Yan\u0131nda G\u00fcvenli S\u00fcr\u00fc\u015f \u0130\u00e7in Yan\u0131n\u0131zday\u0131z Hangar Lastik olarak, lastik de\u011fi\u015fimi, onar\u0131m\u0131 ve saklama \u00e7\u00f6z\u00fcmleri konusunda m\u00fc\u015fterilerimize h\u0131zl\u0131, g\u00fcvenilir ve profesyonel hizmet sunmak i\u00e7in yola \u00e7\u0131kt\u0131k. Hem bireysel hem de kurumsal m\u00fc\u015fterilerimize \u00f6zel \u00e7\u00f6z\u00fcmlerle, lastik hizmetlerini kolay ula\u015f\u0131l\u0131r ve zahmetsiz hale getiriyoruz. Modern Altyap\u0131, Mobil Servis Servis merkezimiz, modern ekipmanlarla donat\u0131lm\u0131\u015f olup mobil ara\u00e7lar\u0131m\u0131z [&hellip;]<\/p>\n","protected":false},"author":1,"featured_media":0,"parent":0,"menu_order":0,"comment_status":"closed","ping_status":"closed","template":"","meta":{"footnotes":""},"class_list":["post-290","page","type-page","status-publish","hentry"],"_links":{"self":[{"href":"https:\/\/hangarlastik.com\/index.php\/wp-json\/wp\/v2\/pages\/290","targetHints":{"allow":["GET"]}}],"collection":[{"href":"https:\/\/hangarlastik.com\/index.php\/wp-json\/wp\/v2\/pages"}],"about":[{"href":"https:\/\/hangarlastik.com\/index.php\/wp-json\/wp\/v2\/types\/page"}],"author":[{"embeddable":true,"href":"https:\/\/hangarlastik.com\/index.php\/wp-json\/wp\/v2\/users\/1"}],"replies":[{"embeddable":true,"href":"https:\/\/hangarlastik.com\/index.php\/wp-json\/wp\/v2\/comments?post=290"}],"version-history":[{"count":5,"href":"https:\/\/hangarlastik.com\/index.php\/wp-json\/wp\/v2\/pages\/290\/revisions"}],"predecessor-version":[{"id":1710,"href":"https:\/\/hangarlastik.com\/index.php\/wp-json\/wp\/v2\/pages\/290\/revisions\/1710"}],"wp:attachment":[{"href":"https:\/\/hangarlastik.com\/index.php\/wp-json\/wp\/v2\/media?parent=290"}],"curies":[{"name":"wp","href":"https:\/\/api.w.org\/{rel}","templated":true}]}}