{"id":441,"date":"2023-05-25T06:51:47","date_gmt":"2023-05-25T06:51:47","guid":{"rendered":"https:\/\/demo.oceanthemes.site\/makaffo\/?page_id=441"},"modified":"2025-05-27T14:35:57","modified_gmt":"2025-05-27T11:35:57","slug":"hizmetlerimiz","status":"publish","type":"page","link":"https:\/\/hangarlastik.com\/index.php\/hizmetlerimiz\/","title":{"rendered":"H\u0130ZMETLER\u0130M\u0130Z"},"content":{"rendered":"\t\t<div data-elementor-type=\"wp-page\" data-elementor-id=\"441\" class=\"elementor elementor-441\" data-elementor-post-type=\"page\">\n\t\t\t\t<div class=\"elementor-element elementor-element-a2d2b66 e-flex e-con-boxed e-con e-parent\" data-id=\"a2d2b66\" data-element_type=\"container\">\n\t\t\t\t\t<div class=\"e-con-inner\">\n\t\t\t\t<div class=\"elementor-element elementor-element-5d55606 elementor-widget elementor-widget-ot-heading\" data-id=\"5d55606\" data-element_type=\"widget\" data-widget_type=\"ot-heading.default\">\n\t\t\t\t<div class=\"elementor-widget-container\">\n\t\t\t\t\t\t\t<div class=\"ot-heading\">\r\n\t        <span class=\"ot-heading__sub\">Lasti\u011fin Nerede, Hangar Orada!<\/span>\t        <h2 class=\"ot-heading__title\">Hizmetlerimizle Yolda Kalman\u0131za \u0130zin Vermiyoruz<\/h2>\t    <\/div>\r\n\t    \t\t\t\t<\/div>\n\t\t\t\t<\/div>\n\t\t\t\t<div class=\"elementor-element elementor-element-6c2b947 elementor-widget elementor-widget-text-editor\" data-id=\"6c2b947\" data-element_type=\"widget\" data-widget_type=\"text-editor.default\">\n\t\t\t\t<div class=\"elementor-widget-container\">\n\t\t\t\t\t\t\t\t\t<p data-start=\"347\" data-end=\"605\">Hangar Lastik olarak, lastik hizmetlerini sadece bir servis i\u015fi de\u011fil; g\u00fcven, h\u0131z ve \u00e7\u00f6z\u00fcm odakl\u0131l\u0131kla y\u00fcr\u00fct\u00fclmesi gereken bir s\u00fcre\u00e7 olarak g\u00f6r\u00fcyoruz. Bu nedenle sundu\u011fumuz t\u00fcm hizmetlerde, m\u00fc\u015fterilerimizin konforunu ve yol g\u00fcvenli\u011fini \u00f6n planda tutuyoruz.<\/p><p data-start=\"607\" data-end=\"948\">Mobil lastik de\u011fi\u015fimi hizmetimizle, arac\u0131n\u0131z nerede olursa olsun yan\u0131n\u0131za geliyor, lastik de\u011fi\u015fim i\u015flemlerini h\u0131zl\u0131ca yerinde tamaml\u0131yoruz. Zaman kaybetmeden ve \u00e7ekiciye ihtiya\u00e7 duymadan tekrar yola \u00e7\u0131kman\u0131z\u0131 sa\u011fl\u0131yoruz. Yerinde lastik de\u011fi\u015fimi hizmetimiz ise evinizin \u00f6n\u00fcnde, i\u015f yerinizde veya otoparkta pratik ve g\u00fcvenli bir \u00e7\u00f6z\u00fcm sunuyor.<\/p><p data-start=\"950\" data-end=\"1215\">Balans ayar\u0131yla titre\u015fimsiz, dengeli ve uzun \u00f6m\u00fcrl\u00fc bir s\u00fcr\u00fc\u015f keyfi ya\u015fat\u0131rken, lastik oteli hizmetimiz sayesinde sezonluk lastiklerinizi en uygun \u015fartlarda muhafaza ediyoruz. Bu sayede hem lastiklerinizin \u00f6mr\u00fcn\u00fc uzat\u0131yor hem de saklama derdinden sizi kurtar\u0131yoruz.<\/p><p data-start=\"1217\" data-end=\"1414\">T\u00fcm bu hizmetleri alan\u0131nda uzman teknisyen kadromuz, modern ekipmanlar\u0131m\u0131z ve %100 m\u00fc\u015fteri memnuniyeti anlay\u0131\u015f\u0131m\u0131zla sunuyoruz. Sizi yolda b\u0131rakmayan bir \u00e7\u00f6z\u00fcm orta\u011f\u0131 ar\u0131yorsan\u0131z, do\u011fru yerdesiniz.<\/p>\t\t\t\t\t\t\t\t<\/div>\n\t\t\t\t<\/div>\n\t\t\t\t\t<\/div>\n\t\t\t\t<\/div>\n\t\t<div class=\"elementor-element elementor-element-0a6af17 e-grid e-con-boxed e-con e-parent\" data-id=\"0a6af17\" data-element_type=\"container\">\n\t\t\t\t\t<div class=\"e-con-inner\">\n\t\t<div class=\"elementor-element elementor-element-c25070f e-con-full e-flex e-con e-child\" data-id=\"c25070f\" data-element_type=\"container\">\n\t\t\t\t<div class=\"elementor-element elementor-element-27322bc ot-view-stacked-1 ot-position-left ot-vertical-align-top elementor-widget elementor-widget-ot-iconbox\" data-id=\"27322bc\" data-element_type=\"widget\" data-widget_type=\"ot-iconbox.default\">\n\t\t\t\t<div class=\"elementor-widget-container\">\n\t\t\t\t\t\t\t<div class=\"ot-icon-box box-content\">\r\n\t\t\t\t\t\t<div class=\"ot-icon-box__icon flex-gap\">\r\n\t\t\t\t<svg xmlns=\"http:\/\/www.w3.org\/2000\/svg\" viewBox=\"0 0 24 24\"><g data-name=\"74 Check\"><path d=\"m22.25 6.34-12.72 12.73a1 1 0 0 1 -.71.29 1 1 0 0 1 -.71-.29l-6.36-6.36a1 1 0 0 1 0-1.42 1 1 0 0 1 1.41 0l5.66 5.71 12-12a1 1 0 1 1 1.41 1.41z\"><\/path><\/g><\/svg>\t        <\/div>\r\n\t        \t        <div class=\"ot-icon-box__content\">\r\n\t        \t<h4 class=\"icon-box-title\">Mobil Lastik De\u011fi\u015fimi<\/h4>\t\t\t\t\t\t\t\t\t\t\t<\/div>\t\r\n\t    <\/div>\r\n\t    \t\t\t\t<\/div>\n\t\t\t\t<\/div>\n\t\t\t\t<div class=\"elementor-element elementor-element-d64b626 elementor-widget elementor-widget-text-editor\" data-id=\"d64b626\" data-element_type=\"widget\" data-widget_type=\"text-editor.default\">\n\t\t\t\t<div class=\"elementor-widget-container\">\n\t\t\t\t\t\t\t\t\t<p data-start=\"380\" data-end=\"470\"><em data-start=\"411\" data-end=\"470\">Adresinize gelerek lastiklerinizi yerinde de\u011fi\u015ftiriyoruz.<\/em><\/p>\t\t\t\t\t\t\t\t<\/div>\n\t\t\t\t<\/div>\n\t\t\t\t<\/div>\n\t\t<div class=\"elementor-element elementor-element-ed79163 e-con-full e-flex e-con e-child\" data-id=\"ed79163\" data-element_type=\"container\">\n\t\t\t\t<div class=\"elementor-element elementor-element-5f2818c ot-view-stacked-1 ot-position-left ot-vertical-align-top elementor-widget elementor-widget-ot-iconbox\" data-id=\"5f2818c\" data-element_type=\"widget\" data-widget_type=\"ot-iconbox.default\">\n\t\t\t\t<div class=\"elementor-widget-container\">\n\t\t\t\t\t\t\t<div class=\"ot-icon-box box-content\">\r\n\t\t\t\t\t\t<div class=\"ot-icon-box__icon flex-gap\">\r\n\t\t\t\t<svg xmlns=\"http:\/\/www.w3.org\/2000\/svg\" viewBox=\"0 0 24 24\"><g data-name=\"74 Check\"><path d=\"m22.25 6.34-12.72 12.73a1 1 0 0 1 -.71.29 1 1 0 0 1 -.71-.29l-6.36-6.36a1 1 0 0 1 0-1.42 1 1 0 0 1 1.41 0l5.66 5.71 12-12a1 1 0 1 1 1.41 1.41z\"><\/path><\/g><\/svg>\t        <\/div>\r\n\t        \t        <div class=\"ot-icon-box__content\">\r\n\t        \t<h4 class=\"icon-box-title\">Yerinde Lastik De\u011fi\u015fimi<\/h4>\t\t\t\t\t\t\t\t\t\t\t<\/div>\t\r\n\t    <\/div>\r\n\t    \t\t\t\t<\/div>\n\t\t\t\t<\/div>\n\t\t\t\t<div class=\"elementor-element elementor-element-2324f12 elementor-widget elementor-widget-text-editor\" data-id=\"2324f12\" data-element_type=\"widget\" data-widget_type=\"text-editor.default\">\n\t\t\t\t<div class=\"elementor-widget-container\">\n\t\t\t\t\t\t\t\t\t<p data-start=\"475\" data-end=\"565\"><em data-start=\"508\" data-end=\"565\">\u0130\u015f yerinizde, evinizde ya da otoparkta an\u0131nda m\u00fcdahale.<\/em><\/p>\t\t\t\t\t\t\t\t<\/div>\n\t\t\t\t<\/div>\n\t\t\t\t<\/div>\n\t\t<div class=\"elementor-element elementor-element-443b57a e-con-full e-flex e-con e-child\" data-id=\"443b57a\" data-element_type=\"container\">\n\t\t\t\t<div class=\"elementor-element elementor-element-bc0ef9e ot-view-stacked-1 ot-position-left ot-vertical-align-top elementor-widget elementor-widget-ot-iconbox\" data-id=\"bc0ef9e\" data-element_type=\"widget\" data-widget_type=\"ot-iconbox.default\">\n\t\t\t\t<div class=\"elementor-widget-container\">\n\t\t\t\t\t\t\t<div class=\"ot-icon-box box-content\">\r\n\t\t\t\t\t\t<div class=\"ot-icon-box__icon flex-gap\">\r\n\t\t\t\t<svg xmlns=\"http:\/\/www.w3.org\/2000\/svg\" viewBox=\"0 0 24 24\"><g data-name=\"74 Check\"><path d=\"m22.25 6.34-12.72 12.73a1 1 0 0 1 -.71.29 1 1 0 0 1 -.71-.29l-6.36-6.36a1 1 0 0 1 0-1.42 1 1 0 0 1 1.41 0l5.66 5.71 12-12a1 1 0 1 1 1.41 1.41z\"><\/path><\/g><\/svg>\t        <\/div>\r\n\t        \t        <div class=\"ot-icon-box__content\">\r\n\t        \t<h4 class=\"icon-box-title\">Lastik Oteli<\/h4>\t\t\t\t\t\t\t\t\t\t\t<\/div>\t\r\n\t    <\/div>\r\n\t    \t\t\t\t<\/div>\n\t\t\t\t<\/div>\n\t\t\t\t<div class=\"elementor-element elementor-element-043df3f elementor-widget elementor-widget-text-editor\" data-id=\"043df3f\" data-element_type=\"widget\" data-widget_type=\"text-editor.default\">\n\t\t\t\t<div class=\"elementor-widget-container\">\n\t\t\t\t\t\t\t\t\t<p>Mevsimlik lastikleriniz g\u00fcvenle saklans\u0131n.<\/p>\t\t\t\t\t\t\t\t<\/div>\n\t\t\t\t<\/div>\n\t\t\t\t<\/div>\n\t\t<div class=\"elementor-element elementor-element-ff69a70 e-con-full e-flex e-con e-child\" data-id=\"ff69a70\" data-element_type=\"container\">\n\t\t\t\t<div class=\"elementor-element elementor-element-19edd58 ot-view-stacked-1 ot-position-left ot-vertical-align-top elementor-widget elementor-widget-ot-iconbox\" data-id=\"19edd58\" data-element_type=\"widget\" data-widget_type=\"ot-iconbox.default\">\n\t\t\t\t<div class=\"elementor-widget-container\">\n\t\t\t\t\t\t\t<div class=\"ot-icon-box box-content\">\r\n\t\t\t\t\t\t<div class=\"ot-icon-box__icon flex-gap\">\r\n\t\t\t\t<svg xmlns=\"http:\/\/www.w3.org\/2000\/svg\" viewBox=\"0 0 24 24\"><g data-name=\"74 Check\"><path d=\"m22.25 6.34-12.72 12.73a1 1 0 0 1 -.71.29 1 1 0 0 1 -.71-.29l-6.36-6.36a1 1 0 0 1 0-1.42 1 1 0 0 1 1.41 0l5.66 5.71 12-12a1 1 0 1 1 1.41 1.41z\"><\/path><\/g><\/svg>\t        <\/div>\r\n\t        \t        <div class=\"ot-icon-box__content\">\r\n\t        \t<h4 class=\"icon-box-title\">Balans Ayar\u0131<\/h4>\t\t\t\t\t\t\t\t\t\t\t<\/div>\t\r\n\t    <\/div>\r\n\t    \t\t\t\t<\/div>\n\t\t\t\t<\/div>\n\t\t\t\t<div class=\"elementor-element elementor-element-ce95d45 elementor-widget elementor-widget-text-editor\" data-id=\"ce95d45\" data-element_type=\"widget\" data-widget_type=\"text-editor.default\">\n\t\t\t\t<div class=\"elementor-widget-container\">\n\t\t\t\t\t\t\t\t\t<p>Titre\u015fimsiz, konforlu s\u00fcr\u00fc\u015f i\u00e7in hassas denge.<\/p>\t\t\t\t\t\t\t\t<\/div>\n\t\t\t\t<\/div>\n\t\t\t\t<\/div>\n\t\t\t\t\t<\/div>\n\t\t\t\t<\/div>\n\t\t<div class=\"elementor-element elementor-element-80c352f e-flex e-con-boxed e-con e-parent\" data-id=\"80c352f\" data-element_type=\"container\">\n\t\t\t\t\t<div class=\"e-con-inner\">\n\t\t<div class=\"elementor-element elementor-element-476de5e e-flex e-con-boxed e-con e-child\" data-id=\"476de5e\" data-element_type=\"container\" data-settings=\"{&quot;background_background&quot;:&quot;classic&quot;}\">\n\t\t\t\t\t<div class=\"e-con-inner\">\n\t\t<div class=\"elementor-element elementor-element-066f4b8 e-flex e-con-boxed e-con e-child\" data-id=\"066f4b8\" data-element_type=\"container\">\n\t\t\t\t\t<div class=\"e-con-inner\">\n\t\t\t\t<div class=\"elementor-element elementor-element-7a9a012 ot-view-stacked-1 ot-position-left ot-vertical-align-top elementor-widget elementor-widget-ot-iconbox\" data-id=\"7a9a012\" data-element_type=\"widget\" data-widget_type=\"ot-iconbox.default\">\n\t\t\t\t<div class=\"elementor-widget-container\">\n\t\t\t\t\t\t\t<div class=\"ot-icon-box box-content\">\r\n\t\t\t\t\t\t<div class=\"ot-icon-box__icon flex-gap\">\r\n\t\t\t\t<svg xmlns=\"http:\/\/www.w3.org\/2000\/svg\" xmlns:xlink=\"http:\/\/www.w3.org\/1999\/xlink\" x=\"0px\" y=\"0px\" viewBox=\"0 0 384 384\" style=\"enable-background:new 0 0 384 384;\" xml:space=\"preserve\"><g>\t<g>\t\t<path d=\"M353.188,252.052c-23.51,0-46.594-3.677-68.469-10.906c-10.719-3.656-23.896-0.302-30.438,6.417l-43.177,32.594   c-50.073-26.729-80.917-57.563-107.281-107.26l31.635-42.052c8.219-8.208,11.167-20.198,7.635-31.448   c-7.26-21.99-10.948-45.063-10.948-68.583C132.146,13.823,118.323,0,101.333,0H30.813C13.823,0,0,13.823,0,30.813   C0,225.563,158.438,384,353.188,384c16.99,0,30.813-13.823,30.813-30.813v-70.323C384,265.875,370.177,252.052,353.188,252.052z\"><\/path>\t<\/g><\/g><\/svg>\t        <\/div>\r\n\t        \t        <div class=\"ot-icon-box__content\">\r\n\t        \t<h4 class=\"icon-box-title\"><a href=\"tel:+1%20987%20\">Servis Hatt\u0131:<\/a><\/h4>\t\t\t\t<div class=\"icon-box-des\">444 7 920<\/div>\t\t\t\t\t\t\t<\/div>\t\r\n\t    <\/div>\r\n\t    \t\t\t\t<\/div>\n\t\t\t\t<\/div>\n\t\t\t\t\t<\/div>\n\t\t\t\t<\/div>\n\t\t\t\t\t<\/div>\n\t\t\t\t<\/div>\n\t\t\t\t\t<\/div>\n\t\t\t\t<\/div>\n\t\t\t\t<\/div>\n\t\t","protected":false},"excerpt":{"rendered":"<p>Lasti\u011fin Nerede, Hangar Orada! Hizmetlerimizle Yolda Kalman\u0131za \u0130zin Vermiyoruz Hangar Lastik olarak, lastik hizmetlerini sadece bir servis i\u015fi de\u011fil; g\u00fcven, h\u0131z ve \u00e7\u00f6z\u00fcm odakl\u0131l\u0131kla y\u00fcr\u00fct\u00fclmesi gereken bir s\u00fcre\u00e7 olarak g\u00f6r\u00fcyoruz. Bu nedenle sundu\u011fumuz t\u00fcm hizmetlerde, m\u00fc\u015fterilerimizin konforunu ve yol g\u00fcvenli\u011fini \u00f6n planda tutuyoruz. Mobil lastik de\u011fi\u015fimi hizmetimizle, arac\u0131n\u0131z nerede olursa olsun yan\u0131n\u0131za geliyor, lastik de\u011fi\u015fim [&hellip;]<\/p>\n","protected":false},"author":1,"featured_media":0,"parent":0,"menu_order":0,"comment_status":"closed","ping_status":"closed","template":"","meta":{"footnotes":""},"class_list":["post-441","page","type-page","status-publish","hentry"],"_links":{"self":[{"href":"https:\/\/hangarlastik.com\/index.php\/wp-json\/wp\/v2\/pages\/441","targetHints":{"allow":["GET"]}}],"collection":[{"href":"https:\/\/hangarlastik.com\/index.php\/wp-json\/wp\/v2\/pages"}],"about":[{"href":"https:\/\/hangarlastik.com\/index.php\/wp-json\/wp\/v2\/types\/page"}],"author":[{"embeddable":true,"href":"https:\/\/hangarlastik.com\/index.php\/wp-json\/wp\/v2\/users\/1"}],"replies":[{"embeddable":true,"href":"https:\/\/hangarlastik.com\/index.php\/wp-json\/wp\/v2\/comments?post=441"}],"version-history":[{"count":13,"href":"https:\/\/hangarlastik.com\/index.php\/wp-json\/wp\/v2\/pages\/441\/revisions"}],"predecessor-version":[{"id":1727,"href":"https:\/\/hangarlastik.com\/index.php\/wp-json\/wp\/v2\/pages\/441\/revisions\/1727"}],"wp:attachment":[{"href":"https:\/\/hangarlastik.com\/index.php\/wp-json\/wp\/v2\/media?parent=441"}],"curies":[{"name":"wp","href":"https:\/\/api.w.org\/{rel}","templated":true}]}}